{"id":15,"date":"2011-11-04T15:33:00","date_gmt":"2011-11-04T15:33:00","guid":{"rendered":"http:\/\/geoloskaljetnaskola.hr\/?page_id=15"},"modified":"2016-06-09T11:01:00","modified_gmt":"2016-06-09T09:01:00","slug":"kontakt","status":"publish","type":"page","link":"https:\/\/geoloskaljetnaskola.hr\/?page_id=15","title":{"rendered":"Kontakt"},"content":{"rendered":"<p>&nbsp;<\/p>\n<p>Sjedi\u0161te udruge: ZAGREB, Pan\u010di\u0107eva 5<\/p>\n<p>Telefon: +385 1\u00a0 242 0757<\/p>\n<p>E-po\u0161ta: josipa.velic@rgn.hr\u00a0 i \u00a0zlatko.spoljar@yahoo.com<\/p>\n<p>Brojevi mobitela:<\/p>\n<p>Prof. dr. sc. Josipa Veli\u0107 dipl. ing. geol.\u00a0\u00a0\u00a0\u00a0\u00a0 091 1666 880 \u00a0\/ \u00a0098 9180 578<\/p>\n<p>Zlatko \u0160poljar dipl. ing. kem. teh.\u00a0\u00a0\u00a0\u00a0\u00a0\u00a0\u00a0\u00a0\u00a0\u00a0\u00a0 091\u00a0 458 5366<\/p>\n","protected":false},"excerpt":{"rendered":"<p>&nbsp; Sjedi\u0161te udruge: ZAGREB, Pan\u010di\u0107eva 5 Telefon: +385 1\u00a0 242 0757 E-po\u0161ta: josipa.velic@rgn.hr\u00a0 i \u00a0zlatko.spoljar@yahoo.com Brojevi mobitela: Prof. dr. sc. Josipa Veli\u0107 dipl. ing. geol.\u00a0\u00a0\u00a0\u00a0\u00a0 091 1666 880 \u00a0\/ \u00a0098 9180 578 Zlatko \u0160poljar dipl. ing. kem. teh.\u00a0\u00a0\u00a0\u00a0\u00a0\u00a0\u00a0\u00a0\u00a0\u00a0\u00a0 091\u00a0 458 5366<\/p>\n","protected":false},"author":1,"featured_media":0,"parent":0,"menu_order":0,"comment_status":"open","ping_status":"open","template":"","meta":{"footnotes":""},"class_list":["post-15","page","type-page","status-publish","hentry"],"_links":{"self":[{"href":"https:\/\/geoloskaljetnaskola.hr\/index.php?rest_route=\/wp\/v2\/pages\/15","targetHints":{"allow":["GET"]}}],"collection":[{"href":"https:\/\/geoloskaljetnaskola.hr\/index.php?rest_route=\/wp\/v2\/pages"}],"about":[{"href":"https:\/\/geoloskaljetnaskola.hr\/index.php?rest_route=\/wp\/v2\/types\/page"}],"author":[{"embeddable":true,"href":"https:\/\/geoloskaljetnaskola.hr\/index.php?rest_route=\/wp\/v2\/users\/1"}],"replies":[{"embeddable":true,"href":"https:\/\/geoloskaljetnaskola.hr\/index.php?rest_route=%2Fwp%2Fv2%2Fcomments&post=15"}],"version-history":[{"count":13,"href":"https:\/\/geoloskaljetnaskola.hr\/index.php?rest_route=\/wp\/v2\/pages\/15\/revisions"}],"predecessor-version":[{"id":364,"href":"https:\/\/geoloskaljetnaskola.hr\/index.php?rest_route=\/wp\/v2\/pages\/15\/revisions\/364"}],"wp:attachment":[{"href":"https:\/\/geoloskaljetnaskola.hr\/index.php?rest_route=%2Fwp%2Fv2%2Fmedia&parent=15"}],"curies":[{"name":"wp","href":"https:\/\/api.w.org\/{rel}","templated":true}]}}